{"id":1404,"date":"2022-01-22T17:49:06","date_gmt":"2022-01-22T16:49:06","guid":{"rendered":"https:\/\/swa-ramschied.de\/?page_id=1404"},"modified":"2026-04-15T10:26:40","modified_gmt":"2026-04-15T08:26:40","slug":"aktuelles-2","status":"publish","type":"page","link":"https:\/\/swa-ramschied.de\/","title":{"rendered":"Aktuelles"},"content":{"rendered":"\n<p class=\"has-large-font-size\"><strong>Tag f\u00fcr Ramschied 2026<\/strong><\/p>\n\n\n\n<p>Am Samstag, dem 18. April findet der diesj\u00e4hrige Tag f\u00fcr Ramschied statt. Gro\u00dfe und Kleine Ramschiederinnen und Ramschieder sind aufgerufen, sich wenn m\u00f6glich ausger\u00fcstet mit Arbeitshandschuhen und strapazierf\u00e4higer Kleidung um 9.30 Uhr an der Wisperhalle zu treffen.<\/p>\n\n\n\n<p>Was wollen wir an dem Tag u. a. machen? Rundbank am Sauerbrunnen, Sitzb\u00e4nke rund um Ramschied und die Sitzm\u00f6bel auf dem Dorfplatz reinigen, ggf. abschleifen und streichen, M\u00fcll sammeln, Treppenanlagen von Unkraut befreien und die Weinstandh\u00fctte reinigen, streichen sowie evtl. das Dach erneuern.<\/p>\n\n\n\n<p>Im Anschluss \u2013 so gegen 13.00 Uhr \u2013 sind alle Helferinnen und Helfer eingeladen, sich bei Getr\u00e4nken und einem Imbiss von dem Arbeitseinsatz erholen und f\u00fcr den Rest des Wochenendes st\u00e4rken.<\/p>\n\n\n\n<h3 class=\"wp-block-heading\"><strong>Lust auf `ne Runde, Wanderung am 19. April 2026<br><\/strong><strong>Gef\u00fchrte Wanderung auf dem \u201eRamschieder Fiessling\u201c<\/strong><\/h3>\n\n\n\n<p>Auf den \u201eRamschieder Fiessling\u201c geht es am Sonntag, 19. April zu einer gef\u00fchrten Wanderung rund um den Bad Schwalbacher Stadtteil Ramschied. Alle begeisterten Wanderinnen und Wanderer sind eingeladen, sich hierf\u00fcr um 13.30 Uhr am Dorfgemeinschaftshaus Ramschied (Wisperhalle) zu der ca. 2 \u00bd &#8211; 3-st\u00fcndigen Tour zu treffen.<\/p>\n\n\n\n<p>Der Rundwanderweg f\u00fchrt \u00fcber eine Strecke von knapp 9 Kilometern durch romantische Bacht\u00e4ler und einen sch\u00f6nen Hochwald. Nicht zuletzt bietet der \u201eRamschieder Fiessling\u201c einen herrlichen Fernblick \u00fcber das gesamte Wispertal und weit dar\u00fcber hinaus. Da auch einige H\u00f6henunterschiede \u00fcberwunden werden m\u00fcssen, ist etwas Ausdauer gefordert und gutes Schuhwerk empfehlenswert. F\u00fcr Kinderwagen ist der Weg nicht geeignet.<\/p>\n\n\n\n<p>Im Anschluss an die Wanderung l\u00e4dt der Ortsbeirat Ramschied wie in den Vorjahren zu einer Abschlussvesper auf dem Dorfplatz ein. Wer sich mit einem guten Essen f\u00fcr die \u00fcberwundenen Strapazen belohnen will, ist in der Ramschieder Gastst\u00e4tte \u201eZum Wispertal\u201c gut aufgehoben, die die Teilnehmer*innen auf den letzten 100 Metern der Wanderung passieren.<\/p>\n\n\n\n<p>&nbsp;<\/p>\n\n\n\n<p><span style=\"font-size: 18pt;\"><strong>Der Einsatz hat sich gelohnt<\/strong><strong> \u2013 Neuer Treffpunkt in Ramschied<\/strong><\/span><\/p>\n\n\n\n<p><strong>&nbsp;<\/strong>Vor circa 40 Jahren haben sich benachbarte Anlieger eine brachliegende st\u00e4dtische Fl\u00e4che an der Ecke H\u00f6henstra\u00dfe \/ Tannenstra\u00dfe in Ramschied \u201eangeeignet\u201c, mit ein paar einfachen Sitzgelegenheiten ausgestattet und als Treffpunkt am Abend oder am Wochenende genutzt, um die neuesten Ger\u00fcchte im Ort auszutauschen.<\/p>\n\n\n\n<p>Dies im Hinterkopf und alte Fotos&nbsp; vor Augen wurde vor knapp 2 Jahren die Idee geboren, diesen schon lange aufgegebenen Sitzplatz zu reaktivieren; war doch die Fl\u00e4che mittlerweile verk\u00fcmmert und nicht mehr sonderlich ansehnlich.<\/p>\n\n\n\n<figure class=\"wp-block-table\"><table class=\"has-fixed-layout\"><tbody><tr><td><figure><img loading=\"lazy\" decoding=\"async\" class=\"size-medium wp-image-1944 aligncenter\" src=\"https:\/\/swa-ramschied.de\/wp-content\/uploads\/2026\/03\/vor-40-Jahren-2-300x196.jpg\" alt=\"\" width=\"300\" height=\"196\" srcset=\"https:\/\/swa-ramschied.de\/wp-content\/uploads\/2026\/03\/vor-40-Jahren-2-300x196.jpg 300w, https:\/\/swa-ramschied.de\/wp-content\/uploads\/2026\/03\/vor-40-Jahren-2-768x503.jpg 768w, https:\/\/swa-ramschied.de\/wp-content\/uploads\/2026\/03\/vor-40-Jahren-2-1024x671.jpg 1024w, https:\/\/swa-ramschied.de\/wp-content\/uploads\/2026\/03\/vor-40-Jahren-2-1536x1006.jpg 1536w, https:\/\/swa-ramschied.de\/wp-content\/uploads\/2026\/03\/vor-40-Jahren-2-1568x1027.jpg 1568w, https:\/\/swa-ramschied.de\/wp-content\/uploads\/2026\/03\/vor-40-Jahren-2.jpg 1771w\" sizes=\"auto, (max-width: 300px) 100vw, 300px\" \/><\/figure><\/td><td><figure><img loading=\"lazy\" decoding=\"async\" class=\"size-medium wp-image-1945 aligncenter\" style=\"margin-left: 25px;\" src=\"https:\/\/swa-ramschied.de\/wp-content\/uploads\/2026\/03\/vor-40-Jahren-300x222.jpg\" alt=\"\" width=\"300\" height=\"222\" srcset=\"https:\/\/swa-ramschied.de\/wp-content\/uploads\/2026\/03\/vor-40-Jahren-300x222.jpg 300w, https:\/\/swa-ramschied.de\/wp-content\/uploads\/2026\/03\/vor-40-Jahren-768x568.jpg 768w, https:\/\/swa-ramschied.de\/wp-content\/uploads\/2026\/03\/vor-40-Jahren-1024x758.jpg 1024w, https:\/\/swa-ramschied.de\/wp-content\/uploads\/2026\/03\/vor-40-Jahren-1536x1137.jpg 1536w, https:\/\/swa-ramschied.de\/wp-content\/uploads\/2026\/03\/vor-40-Jahren-1568x1160.jpg 1568w, https:\/\/swa-ramschied.de\/wp-content\/uploads\/2026\/03\/vor-40-Jahren.jpg 1935w\" sizes=\"auto, (max-width: 300px) 100vw, 300px\" \/><\/figure><\/td><\/tr><\/tbody><\/table><\/figure>\n\n\n\n<p>Eine Gruppe engagierter Ramschieder B\u00fcrgerinnen und B\u00fcrger machte es sich zur Aufgabe, diesen Platz neu zu gestalten und zu beleben. Nicht nur ein attraktiver Treffpunkt f\u00fcr die Erwachsenen mit einladenden witterungsbest\u00e4ndigen Sitzm\u00f6beln sondern auch eine Spielecke mit einem Sandkasten f\u00fcr die Kleinen sollte realisiert werden.<\/p>\n\n\n\n<p>Schnell waren kalkulierte Kosten f\u00fcr Material, Mobiliar und Sandkasten in H\u00f6he von ann\u00e4hernd 4.000 \u20ac zusammengekommen. Wie sollte das finanziert werden? Durch die Teilnahme am vom Rheingau-Taunus-Kreis ausgetragenen Wettbewerb \u201eZukunft Dorfmitte\u201c in den Jahren 2024 und 2025, einem Zuschuss der NASPA-Stiftung und Spendengeldern aus Ramschied in H\u00f6he von 1.000 \u20ac waren 80 Prozent der Kosten gedeckt.<\/p>\n\n\n\n<p>Nachdem die Zustimmung des Bad Schwalbacher Magistrats vorlag, konnte gestartet werden. In ca. 140 Arbeitsstunden an mehreren Tageseins\u00e4tzen wurde das Areal von Geh\u00f6lz und Wurzelwerk befreit, die Fl\u00e4che geebnet, der Sitzbereich und der Untergrund f\u00fcr den Sandkasten gepflastert, ein Sonnenschutz f\u00fcr den Sandkasten montiert und aufgestellt, die Zuwegung von der Stra\u00dfe mit den von dem fr\u00fcheren Sitzplatz noch vorhandeneren Schieferplatten ausgelegt, und, und, und \u2026.<\/p>\n\n\n\n<p>Jetzt strahlt der zuvor unwirtliche Platz in neuem Glanz, wird neben dem Dorfplatz im Unterort auch im Oberort einen attraktiven Treffpunkt f\u00fcr Jung und Alt bieten und zeigt, was mit ehrenamtlichen Engagement Hervorragendes geleistet werden kann. Gro\u00dfen Dank daf\u00fcr an alle Helferinnen und Helfer!<\/p>\n\n\n<style>.kb-row-layout-id1404_39c45e-82 > .kt-row-column-wrap{align-content:start;}:where(.kb-row-layout-id1404_39c45e-82 > .kt-row-column-wrap) > .wp-block-kadence-column{justify-content:start;}.kb-row-layout-id1404_39c45e-82 > .kt-row-column-wrap{column-gap:var(--global-kb-gap-md, 2rem);row-gap:var(--global-kb-gap-md, 2rem);padding-top:var(--global-kb-spacing-sm, 1.5rem);padding-bottom:var(--global-kb-spacing-sm, 1.5rem);grid-template-columns:repeat(2, minmax(0, 1fr));}.kb-row-layout-id1404_39c45e-82 > .kt-row-layout-overlay{opacity:0.30;}@media all and (max-width: 1024px){.kb-row-layout-id1404_39c45e-82 > .kt-row-column-wrap{grid-template-columns:repeat(2, minmax(0, 1fr));}}@media all and (max-width: 767px){.kb-row-layout-id1404_39c45e-82 > .kt-row-column-wrap{grid-template-columns:minmax(0, 1fr);}}<\/style><div class=\"kb-row-layout-wrap kb-row-layout-id1404_39c45e-82 alignnone wp-block-kadence-rowlayout\"><div class=\"kt-row-column-wrap kt-has-2-columns kt-row-layout-equal kt-tab-layout-inherit kt-mobile-layout-row kt-row-valign-top\">\n\n<div class=\"wp-block-kadence-column\"><div class=\"kt-inside-inner-col\"><\/div><\/div>\n\n\n\n<div class=\"wp-block-kadence-column\"><div class=\"kt-inside-inner-col\"><\/div><\/div>\n\n<\/div><\/div>","protected":false},"excerpt":{"rendered":"<p>Tag f\u00fcr Ramschied 2026 Am Samstag, dem 18. April findet der diesj\u00e4hrige Tag f\u00fcr Ramschied statt. Gro\u00dfe und Kleine Ramschiederinnen und Ramschieder sind aufgerufen, sich wenn m\u00f6glich ausger\u00fcstet mit Arbeitshandschuhen und strapazierf\u00e4higer Kleidung um 9.30 Uhr an der Wisperhalle zu treffen. Was wollen wir an dem Tag u. a. machen? Rundbank am Sauerbrunnen, Sitzb\u00e4nke rund&#8230;<\/p>\n","protected":false},"author":4,"featured_media":0,"parent":0,"menu_order":1,"comment_status":"closed","ping_status":"closed","template":"","meta":{"_kad_post_transparent":"","_kad_post_title":"","_kad_post_layout":"","_kad_post_sidebar_id":"","_kad_post_content_style":"","_kad_post_vertical_padding":"","_kad_post_feature":"","_kad_post_feature_position":"","_kad_post_header":false,"_kad_post_footer":false,"_kad_post_classname":"","footnotes":""},"class_list":["post-1404","page","type-page","status-publish","hentry","gallery-content-unit"],"_links":{"self":[{"href":"https:\/\/swa-ramschied.de\/wp-json\/wp\/v2\/pages\/1404","targetHints":{"allow":["GET"]}}],"collection":[{"href":"https:\/\/swa-ramschied.de\/wp-json\/wp\/v2\/pages"}],"about":[{"href":"https:\/\/swa-ramschied.de\/wp-json\/wp\/v2\/types\/page"}],"author":[{"embeddable":true,"href":"https:\/\/swa-ramschied.de\/wp-json\/wp\/v2\/users\/4"}],"replies":[{"embeddable":true,"href":"https:\/\/swa-ramschied.de\/wp-json\/wp\/v2\/comments?post=1404"}],"version-history":[{"count":134,"href":"https:\/\/swa-ramschied.de\/wp-json\/wp\/v2\/pages\/1404\/revisions"}],"predecessor-version":[{"id":2154,"href":"https:\/\/swa-ramschied.de\/wp-json\/wp\/v2\/pages\/1404\/revisions\/2154"}],"wp:attachment":[{"href":"https:\/\/swa-ramschied.de\/wp-json\/wp\/v2\/media?parent=1404"}],"curies":[{"name":"wp","href":"https:\/\/api.w.org\/{rel}","templated":true}]}}