{"id":1102,"date":"2021-05-14T18:50:59","date_gmt":"2021-05-14T16:50:59","guid":{"rendered":"https:\/\/swa-ramschied.de\/?page_id=1102"},"modified":"2022-11-07T15:03:35","modified_gmt":"2022-11-07T14:03:35","slug":"schwarzes-brett","status":"publish","type":"page","link":"https:\/\/swa-ramschied.de\/aktuelles-2\/schwarzes-brett\/","title":{"rendered":"Presse-Mitteilungen"},"content":{"rendered":"<h4>SchwalbenTouren \u201eLust auf \u00b4ne Runde\u201c<br \/>\nNeue Ausschilderung <span style=\"font-family: var(--heading--font-family); font-size: var(--heading--font-size-h4); font-weight: var(--heading--font-weight-strong); letter-spacing: var(--heading--letter-spacing-h4); background-color: var(--global--color-background); color: var(--global--color-primary);\">fertig!<\/span><\/h4>\n<h4><span style=\"font-size: 14pt;\">Wandern rund um Bad Schwalbach ist jetzt in Eigenregie m\u00f6glich. \u201eLust auf \u00b4ne Runde\u201c ist ein Projekt der Bad Schwalbacher Ortsvorsteher. Mit Unterst\u00fctzung des Tourismuskoordinators Robert Carrera und in Zusammenarbeit mit der Stadt Bad Schwalbach ist das neue Wegeleitsystem \u201eSchwalbenTouren\u201c jetzt in allen sieben Stadtteilen umgesetzt.<\/span><\/h4>\n<h4><span style=\"font-size: 14pt;\">Ein herzlicher Dank gilt zum einen den Wegepaten, die in den vergangenen Wochen unter gro\u00dfem Einsatz f\u00fcr die Ausschilderung gesorgt haben. Zum anderen den Landwirten, die Alternativstandorte f\u00fcr Markierungspfosten festgelegt haben, um Kollisionen z. B. mit Landmaschinen zu verhindern. \u201eDas Ergebnis kann sich sehen lassen!\u201c, so B\u00fcrgermeister Markus Obernd\u00f6rfer. <\/span><\/h4>\n<h4><span style=\"font-size: 14pt;\">Alle Rundwanderwege sind auf der Homepage unter www.bad-schwalbach.de\/wandern zu finden. Eine Brosch\u00fcre ist als Download oder in gedruckter Form erh\u00e4ltlich, die unter anderem die Highlights der jeweiligen Rundwanderung, Start-Punkt, Parkm\u00f6glichkeiten, L\u00e4ngenangabe und Schwierigkeitsgrad enth\u00e4lt. <\/span><\/h4>\n<h4><span style=\"font-size: 14pt;\">Weitere Infos auch in der Tourist-Info, Telefon 06124 500-200, tourist-info@bad-schwalbach.de.<\/span><\/h4>\n<p>&nbsp;<\/p>\n<p><span style=\"font-size: 18pt;\"><strong>Schwimmkurse im Freibad Bad Schwalbach 2022<\/strong><\/span><\/p>\n<p>Der Kurs I richtet sich an Kinder, die bereits ihr Seepferdchen Abzeichen haben, f\u00fcr Kurs II ist das Deutsche Schwimmabzeichen Bronze nachzuweisen und f\u00fcr Kurs III Deutschen Schwimmabzeichen in Silber. Alle Kurse finden immer montags bis freitags von 08.45 Uhr bis 09.30 Uhr statt. Treffpunkt ist um 08:45 Uhr an der Freibadkasse.<\/p>\n<p><strong><u>Kurs I<\/u>\u00a0\u00a0\u00a0 25.07. \u2013 29.07. 2022<\/strong><\/p>\n<p>Inhalt: Unter dem Motto &#8211; vom Seepferdchen (hier Nachweis vorlegen) zum sicheren Schwimmer.<\/p>\n<p><strong><u>Kurs II<\/u><\/strong>\u00a0\u00a0 <strong>01.08. &#8211; 05.08.2022<\/strong><\/p>\n<p>Inhalt:\u00a0 Unter dem Motto \u2013 vom Deutschen Schwimmabzeichen Bronze (hier Nachweis vorlegen) zu Silber. Technik- und Ausdauertraining zur Vorbereitung zum Deutschen Schwimmabzeichen Silber.<\/p>\n<p><strong><u>Kurs III<\/u><\/strong>\u00a0 <strong>08.08. \u2013 12.08.2022<\/strong><\/p>\n<p>Inhalt: Unter dem Motto \u2013 ab dem Deutschen Schwimmabzeichen in Silber (hier Nachweis vorlegen)<\/p>\n<p>Ausdauertraining und Technikverbesserung f\u00fcr alle weiteren Pr\u00fcfungen.<\/p>\n<p>Kosten pro Schwimmkurs 75,00 \u20ac incl. Eintritt. Die Kursgeb\u00fchr ist zu Beginn in bar zu entrichten.<\/p>\n<p>Der Kurs findet ohne Begleitung der Eltern statt. Die Anmeldung erfolgt ausschlie\u00dflich per E-Mail an: <a href=\"mailto:richard.vanrijn@bad-schwalbach.de\">richard.vanrijn@bad-schwalbach.de<\/a><\/p>\n<p>&nbsp;<\/p>\n<h4>Inkrafttreten der Gestaltungssatzung\u00a0 \u00a0 \u00a0 \u00a0 \u00a0 \u00a0 22.12.2021<strong><br \/>\n<\/strong><span style=\"font-size: 14pt;\"><a href=\"https:\/\/swa-ramschied.de\/wp-content\/uploads\/2021\/12\/Inkrafttreten-Gestaltungsatzung.pdf\">Inkrafttreten Gestaltungsatzung<\/a><\/span><\/h4>\n<h4><span style=\"font-size: 18pt;\">Eltern-Kind-Treff\u00a0 \u00a0 \u00a0 \u00a0 \u00a0 \u00a0 \u00a0 \u00a0 \u00a0 \u00a0 \u00a0 \u00a0 \u00a0 \u00a0 \u00a0 \u00a0 \u00a0 \u00a0 \u00a0 \u00a0 \u00a0 \u00a0 \u00a0 30.11.2021<br \/>\n<\/span><span style=\"font-size: 14pt;\">Ab dem 06.12.2021 findet wieder jeden Montag\u00a0<\/span><span style=\"font-size: 14pt;\">von 15:00 bis 16:30 Uhr <\/span><span style=\"font-size: 14pt;\">im Familienzentrum,\u00a0<\/span><span style=\"font-size: 14pt;\">Sportraum der Kita Spatzennest, <\/span><span style=\"font-size: 14pt;\">f\u00fcr alle interessierten Eltern ein Eltern-Kind-Treff statt. <\/span><span style=\"font-size: 14pt;\">Eltern k\u00f6nnen sich austauschen und sich bei Fragen rund um Erziehung und F\u00f6rderung an Frau Ossadnik wenden.<\/span><\/h4>\n<h4><\/h4>\n<h4>Carsharing<\/h4>\n<p><a href=\"https:\/\/swa-ramschied.de\/wp-content\/uploads\/2020\/01\/Info-zu-Carsharing.pdf\">Info<\/a><a href=\"https:\/\/swa-ramschied.de\/wp-content\/uploads\/2020\/01\/Info-zu-Carsharing.pdf\"> zu<\/a><a href=\"https:\/\/swa-ramschied.de\/wp-content\/uploads\/2020\/01\/Info-zu-Carsharing.pdf\"> Carsharing<\/a><strong><br \/>\n<\/strong><a href=\"https:\/\/swa-ramschied.de\/wp-content\/uploads\/2020\/02\/Protokoll-Info-Veranstaltung-Ramschied.docx\">Protokoll<\/a><a href=\"https:\/\/swa-ramschied.de\/wp-content\/uploads\/2020\/02\/Protokoll-Info-Veranstaltung-Ramschied.docx\"> Info<\/a><a href=\"https:\/\/swa-ramschied.de\/wp-content\/uploads\/2020\/02\/Protokoll-Info-Veranstaltung-Ramschied.docx\"> Veranstaltung<\/a><br \/>\nPresseartikel Aarbote<br \/>\n<img loading=\"lazy\" decoding=\"async\" class=\"size-medium wp-image-1010 alignleft\" src=\"https:\/\/swa-ramschied.de\/wp-content\/uploads\/2020\/12\/Presseartikel-Aarbote-1-300x222.jpg\" alt=\"\" width=\"300\" height=\"222\" srcset=\"https:\/\/swa-ramschied.de\/wp-content\/uploads\/2020\/12\/Presseartikel-Aarbote-1-300x222.jpg 300w, https:\/\/swa-ramschied.de\/wp-content\/uploads\/2020\/12\/Presseartikel-Aarbote-1-768x567.jpg 768w, https:\/\/swa-ramschied.de\/wp-content\/uploads\/2020\/12\/Presseartikel-Aarbote-1-1024x756.jpg 1024w, https:\/\/swa-ramschied.de\/wp-content\/uploads\/2020\/12\/Presseartikel-Aarbote-1-1536x1135.jpg 1536w, https:\/\/swa-ramschied.de\/wp-content\/uploads\/2020\/12\/Presseartikel-Aarbote-1.jpg 1600w\" sizes=\"auto, (max-width: 300px) 100vw, 300px\" \/><\/p>\n<p>&nbsp;<\/p>\n<p>&nbsp;<\/p>\n<p>&nbsp;<\/p>\n<p>&nbsp;<\/p>\n<p>&nbsp;<\/p>\n<h4>M\u00e4ngelmelder<\/h4>\n<p>Die Stadt Bad Schwalbach bietet auf ihrer Homepage seit einiger Zeit einen so genannten \u201eM\u00e4ngelmelder\u201c an. Hier besteht die M\u00f6glichkeit, einfach und bequem von zu Hause aus, die Stadtverwaltung \u00fcber bestehende M\u00e4ngel und Missst\u00e4nde, wie Stra\u00dfensch\u00e4den, M\u00fcllablagerungen, nicht begehbare Spazier- und Wanderwege, usw. zu informieren und damit f\u00fcr die schnellstm\u00f6gliche Beseitigung zu sorgen. Hilfreich ist eine genaue Ortsangabe und ggf. ein Foto, damit die Mitarbeiter(innen) der Verwaltung schnell reagieren k\u00f6nnen.<br \/>\n<a href=\"http:\/\/www.bad-schwalbach.de\/rathaus-buerger\/buergerservice\/maengelmelder\/\">Der M\u00e4ngelmelder ist hier zu finden<\/a>\u00a0oder in der Suchmaschine als Suchbegriff \u201eM\u00e4ngelmelder Bad<br \/>\nSchwalbach\u201c eingeben. F\u00fcr diejenigen, die keinen PC und damit kein Internet nutzen, ist selbstverst\u00e4ndlich der Au\u00dfenstellenleiter und Ortsvorsteher weiterhin Ansprechpartner.<\/p>\n<p>F\u00fcr illegale M\u00fcllablagerungen nat\u00fcrlich auch die Polizei unter 7078140<\/p>\n","protected":false},"excerpt":{"rendered":"<p>SchwalbenTouren \u201eLust auf \u00b4ne Runde\u201c Neue Ausschilderung fertig! Wandern rund um Bad Schwalbach ist jetzt in Eigenregie m\u00f6glich. \u201eLust auf \u00b4ne Runde\u201c ist ein Projekt der Bad Schwalbacher Ortsvorsteher. Mit Unterst\u00fctzung des Tourismuskoordinators Robert Carrera und in Zusammenarbeit mit der Stadt Bad Schwalbach ist das neue Wegeleitsystem \u201eSchwalbenTouren\u201c jetzt in allen sieben Stadtteilen umgesetzt. Ein&#8230;<\/p>\n","protected":false},"author":4,"featured_media":0,"parent":1404,"menu_order":2,"comment_status":"closed","ping_status":"closed","template":"","meta":{"_kad_post_transparent":"","_kad_post_title":"","_kad_post_layout":"","_kad_post_sidebar_id":"","_kad_post_content_style":"","_kad_post_vertical_padding":"","_kad_post_feature":"","_kad_post_feature_position":"","_kad_post_header":false,"_kad_post_footer":false,"_kad_post_classname":"","footnotes":""},"class_list":["post-1102","page","type-page","status-publish","hentry","gallery-content-unit"],"_links":{"self":[{"href":"https:\/\/swa-ramschied.de\/wp-json\/wp\/v2\/pages\/1102","targetHints":{"allow":["GET"]}}],"collection":[{"href":"https:\/\/swa-ramschied.de\/wp-json\/wp\/v2\/pages"}],"about":[{"href":"https:\/\/swa-ramschied.de\/wp-json\/wp\/v2\/types\/page"}],"author":[{"embeddable":true,"href":"https:\/\/swa-ramschied.de\/wp-json\/wp\/v2\/users\/4"}],"replies":[{"embeddable":true,"href":"https:\/\/swa-ramschied.de\/wp-json\/wp\/v2\/comments?post=1102"}],"version-history":[{"count":76,"href":"https:\/\/swa-ramschied.de\/wp-json\/wp\/v2\/pages\/1102\/revisions"}],"predecessor-version":[{"id":1634,"href":"https:\/\/swa-ramschied.de\/wp-json\/wp\/v2\/pages\/1102\/revisions\/1634"}],"up":[{"embeddable":true,"href":"https:\/\/swa-ramschied.de\/wp-json\/wp\/v2\/pages\/1404"}],"wp:attachment":[{"href":"https:\/\/swa-ramschied.de\/wp-json\/wp\/v2\/media?parent=1102"}],"curies":[{"name":"wp","href":"https:\/\/api.w.org\/{rel}","templated":true}]}}